{"id":1259,"date":"2021-04-20T13:19:21","date_gmt":"2021-04-20T11:19:21","guid":{"rendered":"https:\/\/the-right-direction.de\/cms\/?page_id=1259"},"modified":"2026-03-25T12:43:08","modified_gmt":"2026-03-25T11:43:08","slug":"einleitung","status":"publish","type":"page","link":"https:\/\/the-right-direction.de\/cms\/","title":{"rendered":"Editorial"},"content":{"rendered":"<div id='av_section_1'  class='avia-section main_color avia-section-default avia-no-shadow  av-parallax-section av-section-color-overlay-active avia-bg-style-parallax  avia-builder-el-0  el_before_av_button  avia-builder-el-first   container_wrap fullsize' style=' '  data-section-bg-repeat='no-repeat'><div class='av-parallax' data-avia-parallax-ratio='0.3' ><div class='av-parallax-inner main_color  avia-full-stretch' style = 'background-repeat: no-repeat; background-image: url(https:\/\/the-right-direction.de\/cms\/wp-content\/uploads\/2017\/05\/AW_TheRightDirection-366-1.jpg);background-attachment: scroll; background-position: center left; ' ><\/div><\/div><div class='av-section-color-overlay-wrap'><div class='av-section-color-overlay' style='opacity: 0.7; background-color: #ffffff; '><\/div><div class='container' ><main  role=\"main\" itemprop=\"mainContentOfPage\"  class='template-page content  av-content-full alpha units'><div class='post-entry post-entry-type-page post-entry-1259'><div class='entry-content-wrapper clearfix'>\n<div  style='padding-bottom:10px; color:#9e9e9e;' class='av-special-heading av-special-heading-h1 custom-color-heading   avia-builder-el-1  el_before_av_three_fifth  avia-builder-el-first  '><h1 class='av-special-heading-tag '  itemprop=\"headline\"  >Editorial<\/h1><div class='special-heading-border'><div class='special-heading-inner-border' style='border-color:#9e9e9e'><\/div><\/div><\/div>\n<div class=\"flex_column av_three_fifth  flex_column_div av-zero-column-padding first  avia-builder-el-2  el_after_av_heading  avia-builder-el-last  \" style='border-radius:0px; '><section class=\"av_textblock_section \"  itemscope=\"itemscope\" itemtype=\"https:\/\/schema.org\/CreativeWork\" ><div class='avia_textblock  '  style='font-size:16px; '  itemprop=\"text\" ><div>\n<p>Wir leben in einer Zeit der Ver\u00e4nderungen, Herausforderungen und Chancen. Die vergangenen Jahre haben das Leben, das wir kannten, auf den Kopf gestellt. Au\u00dfen- wie innenpolitisch werden wir t\u00e4glich mit neuen Herausforderungen konfrontiert. Unser wirtschaftliches Selbstverst\u00e4ndnis ist nicht mehr selbstverst\u00e4ndlich. K\u00fcnstliche Intelligenz ver\u00e4ndert bereits heute viele Arbeitswelten nachhaltig und dieser Prozess wird sich beschleunigen. Der Klimawandel ist weltweit sp\u00fcrbar. Gef\u00fchlt kann man sich auf nichts mehr verlassen. Aber ist dies wirklich so?<\/p>\n<\/div>\n<div>\n<p>Auch wenn wir vielleicht gerne in Strukturen verharren wollen, die uns viele Jahre erfolgreich gemacht haben: Zukunft funktioniert nur in eine Richtung, vorw\u00e4rts. Es ist das Charakteristikum einer jeden gro\u00dfen Krise, Missst\u00e4nde plakativ vor Augen zu f\u00fchren. Daraus entstehen aber auch enorme Potentiale f\u00fcr diejenigen, die sie erkennen und zu nutzen wissen.<\/p>\n<\/div>\n<div>\n<p>F\u00fcr die junge Generation Sch\u00fcler waren und sind die vergangenen Jahre ein Crash-Kurs in Gesundheit, Klima, Politik und Wirtschaft. Zus\u00e4tzlich stellt sich nun die Frage nach den Auswirkungen der KI auf die Perspektiven in den unterschiedlichen Berufsfeldern? Ein jeder w\u00fcnscht sich f\u00fcr die eigene Zukunft Entscheidungsfreiheit, Sinnhaftigkeit, Wertsch\u00e4tzung, Lebensqualit\u00e4t und Sicherheit. Bildung war daf\u00fcr schon immer die wesentliche Voraussetzung. Je fundierter die fachliche Qualifikation, breiter die praktischen Erfahrungen und entwickelter die sozialen Kompetenzen sind, desto gr\u00f6\u00dfere M\u00f6glichkeiten haben wir, heute und morgen von Chancen zu profitieren. Es gilt jedoch, den eigenen Bildungsweg auf die Zukunft ausgerichtet aktiv zu gestalten. Wo und wie werde ich als Mensch einen Unterschied machen? Gerade in Bezug auf die K\u00fcnstliche Intelligenz mu\u00df der Begriff &#8222;Bildung&#8220; neu gedacht werden. Und dann warten so viele gute und spannende Erfahrungen!<\/p>\n<p>Jedoch f\u00e4llt es aktuell auf, dass sehr viele Jugendliche &#8211; sei es vor dem Schulabschluss oder schon deutlich danach &#8211; Angst vor der konkreten Entscheidung haben und diese herausz\u00f6gern in der Hoffnung, da\u00df \u201ees sich schon kl\u00e4ren wird\u201c. Oftmals verstreicht so leider einerseits die wesentliche Zeit, sich richtig und in Ruhe mit der Bildungswahl auseinanderzusetzen, andererseits verstreichen konkrete Bewerbungsfristen. Unn\u00f6tigerweise resultiert dies h\u00e4ufig in schwindendem Selbstvertrauen oder auch schwelenden, innerfamili\u00e4ren Konflikten. Die rechtzeitige und richtige Bildungswahl bewirkt erfahrungsgem\u00e4\u00df genau das Gegenteil.<\/p>\n<\/div>\n<div>\n<p>Berufseinsteiger suchen den richtigen Einstieg und orientieren sich oftmals eher r\u00fcckw\u00e4rtsgewandt: Welche Branchen oder Jobs waren erfolgreich, wo waren Entwicklungsperspektiven und in welchen Positionen wurde attraktiv verdient? Vielfach ist dies leider Vergangenheit. Die Fragen lauten viel eher: Was sind meine pers\u00f6nlichen und beruflichen Ziele? Welche Themen werden zuk\u00fcnftig spannend und sinnstiftend sein? Welche Arbeitgeber sind in diesen Feldern am besten positioniert? Fehlen mir noch Kompetenzen? Wie kommuniziere ich meinen bisherigen Werdegang gerade im Kontext KI?<\/p>\n<p>Zukunftsbranchen und weniger bekannte T\u00e4tigkeitsfelder in akademischen bis hin zu handwerklichen Bereichen bieten sehr attraktive Entwicklungsperspektiven. Der Einstieg bedarf jedoch h\u00e4ufig einer anderen Denk- und Vorgehensweise.<\/p>\n<\/div>\n<div>\n<p>Aktuell denken viele Professionals \u00fcber eine Neuorientierung nach. H\u00e4ufige Gr\u00fcnde sind fehlende Wertsch\u00e4tzung, Zukunftsaussichten oder aus fortschreitender Digitalisierung resultierende Ver\u00e4nderungen in den Arbeitsabl\u00e4ufen. Auch f\u00fchren viele Organisationen wirtschaftlich bedingt Restrukturierungen durch. F\u00fcr beide Situationen gilt: Es gibt attraktive Alternativen. Zuerst gilt es jedoch, die eigene Pers\u00f6nlichkeit, die Erwartungshaltung, den Werdegang und die Optionen richtig zu reflektieren, eine konkrete Entscheidung zu f\u00e4llen und dann die Ver\u00e4nderung strukturiert anzugehen.<\/p>\n<\/div>\n<div>\n<p>Es ist eine Zeit der gro\u00dfen Ver\u00e4nderungen. Wir treten in eine neue Epoche ein. Existierende Strukturen werden aufgebrochen, ganze Industrien durchlaufen einen radikalen Wandel. Damit bieten sich enorme M\u00f6glichkeiten f\u00fcr diejenigen, die sich hinterfragen, konkrete Ziele definieren, gestalten und die n\u00e4chsten Schritte konsequent angehen &#8211; und dies kann sehr motivierend und sinnstiftend sein.<\/p>\n<\/div>\n<div>\n<p>Diese Gedanken sind die Grundlage f\u00fcr unsere Zusammenarbeit.<\/p>\n<\/div>\n<\/div><\/section><\/div><\/div><\/div><\/main><!-- close content main element --><\/div><\/div><\/div><div id='after_section_1'  class='main_color av_default_container_wrap container_wrap fullsize' style=' '  ><div class='container' ><div class='template-page content  av-content-full alpha units'><div class='post-entry post-entry-type-page post-entry-1259'><div class='entry-content-wrapper clearfix'><div  class='avia-button-wrap avia-button-right  avia-builder-el-4  el_after_av_section  avia-builder-el-no-sibling ' ><a href='https:\/\/the-right-direction.de\/cms\/coaching\/'  class='avia-button   avia-icon_select-yes-left-icon avia-color-custom avia-size-large avia-position-right '  style='background-color:#878787; border-color:#878787; color:#ffffff; ' ><span class='avia_button_icon avia_button_icon_left ' aria-hidden='true' data-av_icon='\ue889' data-av_iconfont='entypo-fontello'><\/span><span class='avia_iconbox_title' >Weiter<\/span><\/a><\/div><\/p>\n","protected":false},"excerpt":{"rendered":"","protected":false},"author":1,"featured_media":0,"parent":0,"menu_order":0,"comment_status":"closed","ping_status":"closed","template":"","meta":{"footnotes":""},"class_list":["post-1259","page","type-page","status-publish","hentry"],"_links":{"self":[{"href":"https:\/\/the-right-direction.de\/cms\/wp-json\/wp\/v2\/pages\/1259","targetHints":{"allow":["GET"]}}],"collection":[{"href":"https:\/\/the-right-direction.de\/cms\/wp-json\/wp\/v2\/pages"}],"about":[{"href":"https:\/\/the-right-direction.de\/cms\/wp-json\/wp\/v2\/types\/page"}],"author":[{"embeddable":true,"href":"https:\/\/the-right-direction.de\/cms\/wp-json\/wp\/v2\/users\/1"}],"replies":[{"embeddable":true,"href":"https:\/\/the-right-direction.de\/cms\/wp-json\/wp\/v2\/comments?post=1259"}],"version-history":[{"count":11,"href":"https:\/\/the-right-direction.de\/cms\/wp-json\/wp\/v2\/pages\/1259\/revisions"}],"predecessor-version":[{"id":1776,"href":"https:\/\/the-right-direction.de\/cms\/wp-json\/wp\/v2\/pages\/1259\/revisions\/1776"}],"wp:attachment":[{"href":"https:\/\/the-right-direction.de\/cms\/wp-json\/wp\/v2\/media?parent=1259"}],"curies":[{"name":"wp","href":"https:\/\/api.w.org\/{rel}","templated":true}]}}